{"id":110,"date":"2018-08-03T14:22:35","date_gmt":"2018-08-03T12:22:35","guid":{"rendered":"https:\/\/rhapsody360.com\/de\/?page_id=110"},"modified":"2018-08-03T14:54:39","modified_gmt":"2018-08-03T12:54:39","slug":"warum-rhapsody-360","status":"publish","type":"page","link":"https:\/\/rhapsody360.com\/de\/warum-rhapsody-360\/","title":{"rendered":"Warum Rhapsody 360"},"content":{"rendered":"<p>[vc_row][vc_column][vc_single_image image=&#8220;113&#8243; img_size=&#8220;full&#8220;][\/vc_column][\/vc_row][vc_row][vc_column width=&#8220;1\/2&#8243;][vc_column_text]<\/p>\n<h2 style=\"color: #ee2939;\">Schnelle und zuverl\u00e4ssige Content-Entwicklung<\/h2>\n<p>In kurzer Zeit k\u00f6nnen Sie mit visuell starken, unterhaltsamen und einpr\u00e4gsamen Inhalten unterschiedliche Erfahrungen mit Ihren Mitarbeitern und Kunden machen, und Sie k\u00f6nnen Informanten am effektivsten einsetzen.[\/vc_column_text][\/vc_column][vc_column width=&#8220;1\/2&#8243;][vc_column_text]<\/p>\n<h2 style=\"color: #ee2939;\">Benutzerdefinierter Inhalt<\/h2>\n<p>Ohne vorhandene Schulungsinhalte oder vorhandene Inhalte, die Sie in E-Learning umwandeln m\u00f6chten, k\u00f6nnen wir Ihre Ideen sogar in ein einzigartiges E-Learning-Format f\u00fcr Ihre Institution umwandeln.[\/vc_column_text][\/vc_column][\/vc_row][vc_row][vc_column width=&#8220;1\/2&#8243;][vc_column_text]<\/p>\n<h2 style=\"color: #ee2939;\">Spezieller Zugang zu Institutionen<\/h2>\n<p>Wir k\u00f6nnen den Bildungsinhalt des Katalogs entsprechend den institutionellen Anforderungen \u00fcberarbeiten. Vorzugsweise k\u00f6nnen wir Ihre Ausbildungseinrichtung anpassen, indem wir die Logos Ihres Unternehmens verwenden. Mit diesem Aspekt bieten wir spezielle L\u00f6sungen, die f\u00fcr Institutionen nach vielen Institutionen Vorteile bieten, die Katalogbildung als Standardinhalte in der Branche anbieten.[\/vc_column_text][\/vc_column][vc_column width=&#8220;1\/2&#8243;][vc_column_text]<\/p>\n<h2 style=\"color: #ee2939;\">Erfahrenes und kreatives Team<\/h2>\n<p>Wir bereiten die kreativsten L\u00f6sungen f\u00fcr Sie mit jahrelanger Erfahrung in der Entwicklung von Content-Design, visueller Gestaltung, Rich-Internet-Anwendungen, Animation, Spielen und Simulationsanwendungen im Bereich E-Learning vor.<\/p>\n<p>Wir machen einen Unterschied mit unserem positiven, gl\u00fccklichen und ergebnisorientierten Ansatz, indem wir ein super Team mit unseren Mitarbeitern und den Vertretern der Kundeninstitutionen in das Projekt einbeziehen.<\/p>\n<p>Wir bem\u00fchen uns, Ihnen kreativ, diszipliniert und hingebungsvoll zu dienen, um dauerhafte L\u00f6sungen mit unserem ganzen Team zu schaffen, um Ihre Probleme sofort zu l\u00f6sen.[\/vc_column_text][\/vc_column][\/vc_row][vc_row][vc_column width=&#8220;1\/2&#8243;][vc_column_text]<\/p>\n<h2 style=\"color: #ee2939;\">Kompatibel mit Fernlernplattformen (LMS)<\/h2>\n<p>Alle Inhalte, die wir entwickeln, sind SCORM 1.2, SCORM 2004 und AICC, die oft in E-Learning-Plattformen verwendet werden. Wenn es sich bei der Einrichtung, die wir anbieten, nicht um eine E-Learning-Infrastruktur handelt, k\u00f6nnen wir Infrastrukturdienste bereitstellen oder eine Website, ein Unternehmensportal usw. bereitstellen. Wir k\u00f6nnen Inhalte auch mit Mitarbeitern von Institutionen \u00fcber die Domains verkn\u00fcpfen.[\/vc_column_text][\/vc_column][vc_column width=&#8220;1\/2&#8243;][vc_column_text]<\/p>\n<h2 style=\"color: #ee2939;\">Kompatibel mit allen mobilen Plattformen<\/h2>\n<p>Wir werden die Inhalte f\u00fcr Sie sowohl im Internet, auf Ihrem Desktop, Tablet oder Smartphone entwickeln. Sie k\u00f6nnen jederzeit darauf zugreifen, einfrieren und fortfahren, wo immer Sie m\u00f6chten. Sie m\u00fcssen also nicht mit dem B\u00fcro verbunden sein, Sie k\u00f6nnen den Inhalt \u00fcberall dort ansehen, wo Sie eine Internetverbindung haben.[\/vc_column_text][\/vc_column][\/vc_row][vc_row][vc_column width=&#8220;1\/2&#8243;][vc_column_text]<\/p>\n<h2 style=\"color: #ee2939;\">Datenschutz f\u00fcr Unternehmen<\/h2>\n<p>Ihre Informationen sind bei uns sicher und werden nicht an Dritte weitergegeben. Unsere Sicherheitsrichtlinien und Vertr\u00e4ge sind auf dem neuesten Stand und transparent. Kein Projekt, das wir machen, wird niemals ohne die Erlaubnis des Projekteigent\u00fcmers mit Dritten oder Institutionen geteilt[\/vc_column_text][\/vc_column][vc_column width=&#8220;1\/2&#8243;][vc_column_text]<\/p>\n<h2 style=\"color: #ee2939;\">Kontinuierliche Verbesserung und Erneuerung<\/h2>\n<p>Wir sehen die W\u00fcnsche unserer Kunden als Faktoren, die uns und unsere Dienstleistungen verbessern und erneuern. Wir versuchen, die Anforderungen unserer Kunden an die von uns entwickelte Software oder die von uns konzipierten E-Trainings anzupassen, und wir teilen die neuen Technologien, die mit all unseren Kunden entstehen.[\/vc_column_text][\/vc_column][\/vc_row]<\/p>\n","protected":false},"excerpt":{"rendered":"<p>[vc_row][vc_column][vc_single_image image=&#8220;113&#8243; img_size=&#8220;full&#8220;][\/vc_column][\/vc_row][vc_row][vc_column width=&#8220;1\/2&#8243;][vc_column_text] Schnelle und zuverl\u00e4ssige Content-Entwicklung In kurzer Zeit k\u00f6nnen Sie mit visuell starken, unterhaltsamen und einpr\u00e4gsamen Inhalten unterschiedliche Erfahrungen mit Ihren Mitarbeitern und Kunden machen, und Sie k\u00f6nnen Informanten am effektivsten einsetzen.[\/vc_column_text][\/vc_column][vc_column width=&#8220;1\/2&#8243;][vc_column_text] Benutzerdefinierter Inhalt Ohne vorhandene Schulungsinhalte oder vorhandene Inhalte, die Sie in E-Learning umwandeln m\u00f6chten, k\u00f6nnen wir Ihre Ideen sogar [&hellip;]<\/p>\n","protected":false},"author":1,"featured_media":0,"parent":0,"menu_order":0,"comment_status":"closed","ping_status":"closed","template":"tpl\/page_fullwidth.php","meta":{"footnotes":""},"yoast_head":"<!-- This site is optimized with the Yoast SEO plugin v17.1 - https:\/\/yoast.com\/wordpress\/plugins\/seo\/ -->\n<title>Warum Rhapsody 360 - Rhapsody 360<\/title>\n<meta name=\"robots\" content=\"index, follow, max-snippet:-1, max-image-preview:large, max-video-preview:-1\" \/>\n<link rel=\"canonical\" href=\"https:\/\/rhapsody360.com\/de\/warum-rhapsody-360\/\" \/>\n<meta property=\"og:locale\" content=\"de_DE\" \/>\n<meta property=\"og:type\" content=\"article\" \/>\n<meta property=\"og:title\" content=\"Warum Rhapsody 360 - Rhapsody 360\" \/>\n<meta property=\"og:description\" content=\"[vc_row][vc_column][vc_single_image image=&#8220;113&#8243; img_size=&#8220;full&#8220;][\/vc_column][\/vc_row][vc_row][vc_column width=&#8220;1\/2&#8243;][vc_column_text] Schnelle und zuverl\u00e4ssige Content-Entwicklung In kurzer Zeit k\u00f6nnen Sie mit visuell starken, unterhaltsamen und einpr\u00e4gsamen Inhalten unterschiedliche Erfahrungen mit Ihren Mitarbeitern und Kunden machen, und Sie k\u00f6nnen Informanten am effektivsten einsetzen.[\/vc_column_text][\/vc_column][vc_column width=&#8220;1\/2&#8243;][vc_column_text] Benutzerdefinierter Inhalt Ohne vorhandene Schulungsinhalte oder vorhandene Inhalte, die Sie in E-Learning umwandeln m\u00f6chten, k\u00f6nnen wir Ihre Ideen sogar [&hellip;]\" \/>\n<meta property=\"og:url\" content=\"https:\/\/rhapsody360.com\/de\/warum-rhapsody-360\/\" \/>\n<meta property=\"og:site_name\" content=\"Rhapsody 360\" \/>\n<meta property=\"article:publisher\" content=\"https:\/\/www.facebook.com\/rhapsody360gmbh\/\" \/>\n<meta property=\"article:modified_time\" content=\"2018-08-03T12:54:39+00:00\" \/>\n<meta name=\"twitter:card\" content=\"summary_large_image\" \/>\n<meta name=\"twitter:site\" content=\"@360Rhapsody\" \/>\n<meta name=\"twitter:label1\" content=\"Gesch\u00e4tzte Lesezeit\" \/>\n\t<meta name=\"twitter:data1\" content=\"3 Minuten\" \/>\n<script type=\"application\/ld+json\" class=\"yoast-schema-graph\">{\"@context\":\"https:\/\/schema.org\",\"@graph\":[{\"@type\":\"Organization\",\"@id\":\"https:\/\/rhapsody360.com\/de\/#organization\",\"name\":\"Rhapsody 360\",\"url\":\"https:\/\/rhapsody360.com\/de\/\",\"sameAs\":[\"https:\/\/www.facebook.com\/rhapsody360gmbh\/\",\"https:\/\/www.linkedin.com\/company\/rhapsody360\/\",\"https:\/\/www.youtube.com\/channel\/UCWG04z1A927C8TMlfFlygIg\",\"https:\/\/twitter.com\/360Rhapsody\"],\"logo\":{\"@type\":\"ImageObject\",\"@id\":\"https:\/\/rhapsody360.com\/de\/#logo\",\"inLanguage\":\"de-DE\",\"url\":\"https:\/\/rhapsody360.com\/de\/wp-content\/uploads\/logo@2x.png\",\"contentUrl\":\"https:\/\/rhapsody360.com\/de\/wp-content\/uploads\/logo@2x.png\",\"width\":372,\"height\":126,\"caption\":\"Rhapsody 360\"},\"image\":{\"@id\":\"https:\/\/rhapsody360.com\/de\/#logo\"}},{\"@type\":\"WebSite\",\"@id\":\"https:\/\/rhapsody360.com\/de\/#website\",\"url\":\"https:\/\/rhapsody360.com\/de\/\",\"name\":\"Rhapsody 360\",\"description\":\"Training und Lernl\\u00f6sungen\",\"publisher\":{\"@id\":\"https:\/\/rhapsody360.com\/de\/#organization\"},\"potentialAction\":[{\"@type\":\"SearchAction\",\"target\":{\"@type\":\"EntryPoint\",\"urlTemplate\":\"https:\/\/rhapsody360.com\/de\/?s={search_term_string}\"},\"query-input\":\"required name=search_term_string\"}],\"inLanguage\":\"de-DE\"},{\"@type\":\"WebPage\",\"@id\":\"https:\/\/rhapsody360.com\/de\/warum-rhapsody-360\/#webpage\",\"url\":\"https:\/\/rhapsody360.com\/de\/warum-rhapsody-360\/\",\"name\":\"Warum Rhapsody 360 - Rhapsody 360\",\"isPartOf\":{\"@id\":\"https:\/\/rhapsody360.com\/de\/#website\"},\"datePublished\":\"2018-08-03T12:22:35+00:00\",\"dateModified\":\"2018-08-03T12:54:39+00:00\",\"breadcrumb\":{\"@id\":\"https:\/\/rhapsody360.com\/de\/warum-rhapsody-360\/#breadcrumb\"},\"inLanguage\":\"de-DE\",\"potentialAction\":[{\"@type\":\"ReadAction\",\"target\":[\"https:\/\/rhapsody360.com\/de\/warum-rhapsody-360\/\"]}]},{\"@type\":\"BreadcrumbList\",\"@id\":\"https:\/\/rhapsody360.com\/de\/warum-rhapsody-360\/#breadcrumb\",\"itemListElement\":[{\"@type\":\"ListItem\",\"position\":1,\"name\":\"Startseite\",\"item\":\"https:\/\/rhapsody360.com\/de\/\"},{\"@type\":\"ListItem\",\"position\":2,\"name\":\"Warum Rhapsody 360\"}]}]}<\/script>\n<!-- \/ Yoast SEO plugin. -->","yoast_head_json":{"title":"Warum Rhapsody 360 - Rhapsody 360","robots":{"index":"index","follow":"follow","max-snippet":"max-snippet:-1","max-image-preview":"max-image-preview:large","max-video-preview":"max-video-preview:-1"},"canonical":"https:\/\/rhapsody360.com\/de\/warum-rhapsody-360\/","og_locale":"de_DE","og_type":"article","og_title":"Warum Rhapsody 360 - Rhapsody 360","og_description":"[vc_row][vc_column][vc_single_image image=&#8220;113&#8243; img_size=&#8220;full&#8220;][\/vc_column][\/vc_row][vc_row][vc_column width=&#8220;1\/2&#8243;][vc_column_text] Schnelle und zuverl\u00e4ssige Content-Entwicklung In kurzer Zeit k\u00f6nnen Sie mit visuell starken, unterhaltsamen und einpr\u00e4gsamen Inhalten unterschiedliche Erfahrungen mit Ihren Mitarbeitern und Kunden machen, und Sie k\u00f6nnen Informanten am effektivsten einsetzen.[\/vc_column_text][\/vc_column][vc_column width=&#8220;1\/2&#8243;][vc_column_text] Benutzerdefinierter Inhalt Ohne vorhandene Schulungsinhalte oder vorhandene Inhalte, die Sie in E-Learning umwandeln m\u00f6chten, k\u00f6nnen wir Ihre Ideen sogar [&hellip;]","og_url":"https:\/\/rhapsody360.com\/de\/warum-rhapsody-360\/","og_site_name":"Rhapsody 360","article_publisher":"https:\/\/www.facebook.com\/rhapsody360gmbh\/","article_modified_time":"2018-08-03T12:54:39+00:00","twitter_card":"summary_large_image","twitter_site":"@360Rhapsody","twitter_misc":{"Gesch\u00e4tzte Lesezeit":"3 Minuten"},"schema":{"@context":"https:\/\/schema.org","@graph":[{"@type":"Organization","@id":"https:\/\/rhapsody360.com\/de\/#organization","name":"Rhapsody 360","url":"https:\/\/rhapsody360.com\/de\/","sameAs":["https:\/\/www.facebook.com\/rhapsody360gmbh\/","https:\/\/www.linkedin.com\/company\/rhapsody360\/","https:\/\/www.youtube.com\/channel\/UCWG04z1A927C8TMlfFlygIg","https:\/\/twitter.com\/360Rhapsody"],"logo":{"@type":"ImageObject","@id":"https:\/\/rhapsody360.com\/de\/#logo","inLanguage":"de-DE","url":"https:\/\/rhapsody360.com\/de\/wp-content\/uploads\/logo@2x.png","contentUrl":"https:\/\/rhapsody360.com\/de\/wp-content\/uploads\/logo@2x.png","width":372,"height":126,"caption":"Rhapsody 360"},"image":{"@id":"https:\/\/rhapsody360.com\/de\/#logo"}},{"@type":"WebSite","@id":"https:\/\/rhapsody360.com\/de\/#website","url":"https:\/\/rhapsody360.com\/de\/","name":"Rhapsody 360","description":"Training und Lernl\u00f6sungen","publisher":{"@id":"https:\/\/rhapsody360.com\/de\/#organization"},"potentialAction":[{"@type":"SearchAction","target":{"@type":"EntryPoint","urlTemplate":"https:\/\/rhapsody360.com\/de\/?s={search_term_string}"},"query-input":"required name=search_term_string"}],"inLanguage":"de-DE"},{"@type":"WebPage","@id":"https:\/\/rhapsody360.com\/de\/warum-rhapsody-360\/#webpage","url":"https:\/\/rhapsody360.com\/de\/warum-rhapsody-360\/","name":"Warum Rhapsody 360 - Rhapsody 360","isPartOf":{"@id":"https:\/\/rhapsody360.com\/de\/#website"},"datePublished":"2018-08-03T12:22:35+00:00","dateModified":"2018-08-03T12:54:39+00:00","breadcrumb":{"@id":"https:\/\/rhapsody360.com\/de\/warum-rhapsody-360\/#breadcrumb"},"inLanguage":"de-DE","potentialAction":[{"@type":"ReadAction","target":["https:\/\/rhapsody360.com\/de\/warum-rhapsody-360\/"]}]},{"@type":"BreadcrumbList","@id":"https:\/\/rhapsody360.com\/de\/warum-rhapsody-360\/#breadcrumb","itemListElement":[{"@type":"ListItem","position":1,"name":"Startseite","item":"https:\/\/rhapsody360.com\/de\/"},{"@type":"ListItem","position":2,"name":"Warum Rhapsody 360"}]}]}},"_links":{"self":[{"href":"https:\/\/rhapsody360.com\/de\/wp-json\/wp\/v2\/pages\/110"}],"collection":[{"href":"https:\/\/rhapsody360.com\/de\/wp-json\/wp\/v2\/pages"}],"about":[{"href":"https:\/\/rhapsody360.com\/de\/wp-json\/wp\/v2\/types\/page"}],"author":[{"embeddable":true,"href":"https:\/\/rhapsody360.com\/de\/wp-json\/wp\/v2\/users\/1"}],"replies":[{"embeddable":true,"href":"https:\/\/rhapsody360.com\/de\/wp-json\/wp\/v2\/comments?post=110"}],"version-history":[{"count":10,"href":"https:\/\/rhapsody360.com\/de\/wp-json\/wp\/v2\/pages\/110\/revisions"}],"predecessor-version":[{"id":122,"href":"https:\/\/rhapsody360.com\/de\/wp-json\/wp\/v2\/pages\/110\/revisions\/122"}],"wp:attachment":[{"href":"https:\/\/rhapsody360.com\/de\/wp-json\/wp\/v2\/media?parent=110"}],"curies":[{"name":"wp","href":"https:\/\/api.w.org\/{rel}","templated":true}]}}