{"id":5,"date":"2018-02-24T10:55:12","date_gmt":"2018-02-24T09:55:12","guid":{"rendered":"https:\/\/rhapsody360.com\/de\/?page_id=5"},"modified":"2019-07-11T11:23:48","modified_gmt":"2019-07-11T09:23:48","slug":"ueber-uns","status":"publish","type":"page","link":"https:\/\/rhapsody360.com\/de\/ueber-uns\/","title":{"rendered":"\u00dcber Uns"},"content":{"rendered":"<p>[vc_row][vc_column][vc_single_image image=&#8220;103&#8243; img_size=&#8220;full&#8220;][\/vc_column][\/vc_row][vc_row][vc_column][vc_column_text]Rhapsody 360 ist ein in Wien ans\u00e4ssiges E-Learning-Unternehmen, das L\u00f6sungen f\u00fcr Unternehmen in ganz Europa anbietet. Rhapsody 360 bietet eine breite Palette von Dienstleistungen, einschlie\u00dflich der Entwicklung von Inhalten, Implementierung von E-Learning-Systemen und umfassender E-Learning-Beratung.<\/p>\n<p>Rhapsody 360 bietet seinen Kunden eine breite Palette von hochwertigen E-Learning-Inhalten, von Bildungseinrichtungen bis hin zu Gro\u00dfunternehmen.<\/p>\n<p>Mit der Zunahme zahlreicher von uns realisierten Projekte und der Anzahl der kontaktierten Institutionen und Unternehmen erh\u00f6hen wir kontinuierlich unseren Marktanteil im E-Learning-Bereich.<\/p>\n<p>Beginnend mit dem Finanz- und Versicherungssektor, expandieren unsere Dienstleistungen schnell mit dem steigenden Bedarf an E-Learning, mit Projekten, die haupts\u00e4chlich f\u00fcr andere Sektoren und dann f\u00fcr Universit\u00e4ten, Grundschulen und weiterf\u00fchrende Schulen durchgef\u00fchrt werden.<\/p>\n<p>Durch die Diversifizierung unseres Produktportfolios erh\u00f6hen wir die Anzahl der Sektoren und Institutionen, die wir beisteuern.<\/p>\n<p>Als Rhapsody 360-Team sind wir uns bewusst, dass Schulungs- und Entwicklungsprojekte langfristige Projekte sind, die eine rigorose Arbeit erfordern. Deshalb ber\u00fccksichtigen wir alle Details und realisieren unsere Produktion mit gr\u00f6\u00dfter Sorgfalt und Sensibilit\u00e4t.<\/p>\n<p>Indem alle Elemente zusammengebracht werden, die f\u00fcr die institutionelle Bildung und Entwicklung in dieser Richtung notwendig sind; Wir werden unsere Arbeit mit der richtigen Person, dem richtigen Zeitpunkt und dem richtigen Content-Ansatz weiter entwickeln.[\/vc_column_text][\/vc_column][\/vc_row]<\/p>\n","protected":false},"excerpt":{"rendered":"<p>[vc_row][vc_column][vc_single_image image=&#8220;103&#8243; img_size=&#8220;full&#8220;][\/vc_column][\/vc_row][vc_row][vc_column][vc_column_text]Rhapsody 360 ist ein in Wien ans\u00e4ssiges E-Learning-Unternehmen, das L\u00f6sungen f\u00fcr Unternehmen in ganz Europa anbietet. Rhapsody 360 bietet eine breite Palette von Dienstleistungen, einschlie\u00dflich der Entwicklung von Inhalten, Implementierung von E-Learning-Systemen und umfassender E-Learning-Beratung. Rhapsody 360 bietet seinen Kunden eine breite Palette von hochwertigen E-Learning-Inhalten, von Bildungseinrichtungen bis hin zu Gro\u00dfunternehmen. Mit [&hellip;]<\/p>\n","protected":false},"author":1,"featured_media":0,"parent":0,"menu_order":0,"comment_status":"closed","ping_status":"closed","template":"tpl\/page_fullwidth.php","meta":{"footnotes":""},"yoast_head":"<!-- This site is optimized with the Yoast SEO plugin v17.1 - https:\/\/yoast.com\/wordpress\/plugins\/seo\/ -->\n<title>\u00dcber Uns - Rhapsody 360<\/title>\n<meta name=\"robots\" content=\"index, follow, max-snippet:-1, max-image-preview:large, max-video-preview:-1\" \/>\n<link rel=\"canonical\" href=\"https:\/\/rhapsody360.com\/de\/ueber-uns\/\" \/>\n<meta property=\"og:locale\" content=\"de_DE\" \/>\n<meta property=\"og:type\" content=\"article\" \/>\n<meta property=\"og:title\" content=\"\u00dcber Uns - Rhapsody 360\" \/>\n<meta property=\"og:description\" content=\"[vc_row][vc_column][vc_single_image image=&#8220;103&#8243; img_size=&#8220;full&#8220;][\/vc_column][\/vc_row][vc_row][vc_column][vc_column_text]Rhapsody 360 ist ein in Wien ans\u00e4ssiges E-Learning-Unternehmen, das L\u00f6sungen f\u00fcr Unternehmen in ganz Europa anbietet. Rhapsody 360 bietet eine breite Palette von Dienstleistungen, einschlie\u00dflich der Entwicklung von Inhalten, Implementierung von E-Learning-Systemen und umfassender E-Learning-Beratung. Rhapsody 360 bietet seinen Kunden eine breite Palette von hochwertigen E-Learning-Inhalten, von Bildungseinrichtungen bis hin zu Gro\u00dfunternehmen. Mit [&hellip;]\" \/>\n<meta property=\"og:url\" content=\"https:\/\/rhapsody360.com\/de\/ueber-uns\/\" \/>\n<meta property=\"og:site_name\" content=\"Rhapsody 360\" \/>\n<meta property=\"article:publisher\" content=\"https:\/\/www.facebook.com\/rhapsody360gmbh\/\" \/>\n<meta property=\"article:modified_time\" content=\"2019-07-11T09:23:48+00:00\" \/>\n<meta name=\"twitter:card\" content=\"summary_large_image\" \/>\n<meta name=\"twitter:site\" content=\"@360Rhapsody\" \/>\n<meta name=\"twitter:label1\" content=\"Gesch\u00e4tzte Lesezeit\" \/>\n\t<meta name=\"twitter:data1\" content=\"1 Minute\" \/>\n<script type=\"application\/ld+json\" class=\"yoast-schema-graph\">{\"@context\":\"https:\/\/schema.org\",\"@graph\":[{\"@type\":\"Organization\",\"@id\":\"https:\/\/rhapsody360.com\/de\/#organization\",\"name\":\"Rhapsody 360\",\"url\":\"https:\/\/rhapsody360.com\/de\/\",\"sameAs\":[\"https:\/\/www.facebook.com\/rhapsody360gmbh\/\",\"https:\/\/www.linkedin.com\/company\/rhapsody360\/\",\"https:\/\/www.youtube.com\/channel\/UCWG04z1A927C8TMlfFlygIg\",\"https:\/\/twitter.com\/360Rhapsody\"],\"logo\":{\"@type\":\"ImageObject\",\"@id\":\"https:\/\/rhapsody360.com\/de\/#logo\",\"inLanguage\":\"de-DE\",\"url\":\"https:\/\/rhapsody360.com\/de\/wp-content\/uploads\/logo@2x.png\",\"contentUrl\":\"https:\/\/rhapsody360.com\/de\/wp-content\/uploads\/logo@2x.png\",\"width\":372,\"height\":126,\"caption\":\"Rhapsody 360\"},\"image\":{\"@id\":\"https:\/\/rhapsody360.com\/de\/#logo\"}},{\"@type\":\"WebSite\",\"@id\":\"https:\/\/rhapsody360.com\/de\/#website\",\"url\":\"https:\/\/rhapsody360.com\/de\/\",\"name\":\"Rhapsody 360\",\"description\":\"Training und Lernl\\u00f6sungen\",\"publisher\":{\"@id\":\"https:\/\/rhapsody360.com\/de\/#organization\"},\"potentialAction\":[{\"@type\":\"SearchAction\",\"target\":{\"@type\":\"EntryPoint\",\"urlTemplate\":\"https:\/\/rhapsody360.com\/de\/?s={search_term_string}\"},\"query-input\":\"required name=search_term_string\"}],\"inLanguage\":\"de-DE\"},{\"@type\":\"WebPage\",\"@id\":\"https:\/\/rhapsody360.com\/de\/ueber-uns\/#webpage\",\"url\":\"https:\/\/rhapsody360.com\/de\/ueber-uns\/\",\"name\":\"\\u00dcber Uns - Rhapsody 360\",\"isPartOf\":{\"@id\":\"https:\/\/rhapsody360.com\/de\/#website\"},\"datePublished\":\"2018-02-24T09:55:12+00:00\",\"dateModified\":\"2019-07-11T09:23:48+00:00\",\"breadcrumb\":{\"@id\":\"https:\/\/rhapsody360.com\/de\/ueber-uns\/#breadcrumb\"},\"inLanguage\":\"de-DE\",\"potentialAction\":[{\"@type\":\"ReadAction\",\"target\":[\"https:\/\/rhapsody360.com\/de\/ueber-uns\/\"]}]},{\"@type\":\"BreadcrumbList\",\"@id\":\"https:\/\/rhapsody360.com\/de\/ueber-uns\/#breadcrumb\",\"itemListElement\":[{\"@type\":\"ListItem\",\"position\":1,\"name\":\"Startseite\",\"item\":\"https:\/\/rhapsody360.com\/de\/\"},{\"@type\":\"ListItem\",\"position\":2,\"name\":\"\\u00dcber Uns\"}]}]}<\/script>\n<!-- \/ Yoast SEO plugin. -->","yoast_head_json":{"title":"\u00dcber Uns - Rhapsody 360","robots":{"index":"index","follow":"follow","max-snippet":"max-snippet:-1","max-image-preview":"max-image-preview:large","max-video-preview":"max-video-preview:-1"},"canonical":"https:\/\/rhapsody360.com\/de\/ueber-uns\/","og_locale":"de_DE","og_type":"article","og_title":"\u00dcber Uns - Rhapsody 360","og_description":"[vc_row][vc_column][vc_single_image image=&#8220;103&#8243; img_size=&#8220;full&#8220;][\/vc_column][\/vc_row][vc_row][vc_column][vc_column_text]Rhapsody 360 ist ein in Wien ans\u00e4ssiges E-Learning-Unternehmen, das L\u00f6sungen f\u00fcr Unternehmen in ganz Europa anbietet. Rhapsody 360 bietet eine breite Palette von Dienstleistungen, einschlie\u00dflich der Entwicklung von Inhalten, Implementierung von E-Learning-Systemen und umfassender E-Learning-Beratung. Rhapsody 360 bietet seinen Kunden eine breite Palette von hochwertigen E-Learning-Inhalten, von Bildungseinrichtungen bis hin zu Gro\u00dfunternehmen. Mit [&hellip;]","og_url":"https:\/\/rhapsody360.com\/de\/ueber-uns\/","og_site_name":"Rhapsody 360","article_publisher":"https:\/\/www.facebook.com\/rhapsody360gmbh\/","article_modified_time":"2019-07-11T09:23:48+00:00","twitter_card":"summary_large_image","twitter_site":"@360Rhapsody","twitter_misc":{"Gesch\u00e4tzte Lesezeit":"1 Minute"},"schema":{"@context":"https:\/\/schema.org","@graph":[{"@type":"Organization","@id":"https:\/\/rhapsody360.com\/de\/#organization","name":"Rhapsody 360","url":"https:\/\/rhapsody360.com\/de\/","sameAs":["https:\/\/www.facebook.com\/rhapsody360gmbh\/","https:\/\/www.linkedin.com\/company\/rhapsody360\/","https:\/\/www.youtube.com\/channel\/UCWG04z1A927C8TMlfFlygIg","https:\/\/twitter.com\/360Rhapsody"],"logo":{"@type":"ImageObject","@id":"https:\/\/rhapsody360.com\/de\/#logo","inLanguage":"de-DE","url":"https:\/\/rhapsody360.com\/de\/wp-content\/uploads\/logo@2x.png","contentUrl":"https:\/\/rhapsody360.com\/de\/wp-content\/uploads\/logo@2x.png","width":372,"height":126,"caption":"Rhapsody 360"},"image":{"@id":"https:\/\/rhapsody360.com\/de\/#logo"}},{"@type":"WebSite","@id":"https:\/\/rhapsody360.com\/de\/#website","url":"https:\/\/rhapsody360.com\/de\/","name":"Rhapsody 360","description":"Training und Lernl\u00f6sungen","publisher":{"@id":"https:\/\/rhapsody360.com\/de\/#organization"},"potentialAction":[{"@type":"SearchAction","target":{"@type":"EntryPoint","urlTemplate":"https:\/\/rhapsody360.com\/de\/?s={search_term_string}"},"query-input":"required name=search_term_string"}],"inLanguage":"de-DE"},{"@type":"WebPage","@id":"https:\/\/rhapsody360.com\/de\/ueber-uns\/#webpage","url":"https:\/\/rhapsody360.com\/de\/ueber-uns\/","name":"\u00dcber Uns - Rhapsody 360","isPartOf":{"@id":"https:\/\/rhapsody360.com\/de\/#website"},"datePublished":"2018-02-24T09:55:12+00:00","dateModified":"2019-07-11T09:23:48+00:00","breadcrumb":{"@id":"https:\/\/rhapsody360.com\/de\/ueber-uns\/#breadcrumb"},"inLanguage":"de-DE","potentialAction":[{"@type":"ReadAction","target":["https:\/\/rhapsody360.com\/de\/ueber-uns\/"]}]},{"@type":"BreadcrumbList","@id":"https:\/\/rhapsody360.com\/de\/ueber-uns\/#breadcrumb","itemListElement":[{"@type":"ListItem","position":1,"name":"Startseite","item":"https:\/\/rhapsody360.com\/de\/"},{"@type":"ListItem","position":2,"name":"\u00dcber Uns"}]}]}},"_links":{"self":[{"href":"https:\/\/rhapsody360.com\/de\/wp-json\/wp\/v2\/pages\/5"}],"collection":[{"href":"https:\/\/rhapsody360.com\/de\/wp-json\/wp\/v2\/pages"}],"about":[{"href":"https:\/\/rhapsody360.com\/de\/wp-json\/wp\/v2\/types\/page"}],"author":[{"embeddable":true,"href":"https:\/\/rhapsody360.com\/de\/wp-json\/wp\/v2\/users\/1"}],"replies":[{"embeddable":true,"href":"https:\/\/rhapsody360.com\/de\/wp-json\/wp\/v2\/comments?post=5"}],"version-history":[{"count":14,"href":"https:\/\/rhapsody360.com\/de\/wp-json\/wp\/v2\/pages\/5\/revisions"}],"predecessor-version":[{"id":181,"href":"https:\/\/rhapsody360.com\/de\/wp-json\/wp\/v2\/pages\/5\/revisions\/181"}],"wp:attachment":[{"href":"https:\/\/rhapsody360.com\/de\/wp-json\/wp\/v2\/media?parent=5"}],"curies":[{"name":"wp","href":"https:\/\/api.w.org\/{rel}","templated":true}]}}