{"id":24,"date":"2018-08-20T18:45:14","date_gmt":"2018-08-20T15:45:14","guid":{"rendered":"https:\/\/rhapsody360.com\/tr\/?page_id=24"},"modified":"2019-07-11T12:23:17","modified_gmt":"2019-07-11T09:23:17","slug":"biz-kimiz","status":"publish","type":"page","link":"https:\/\/rhapsody360.com\/tr\/biz-kimiz\/","title":{"rendered":"Biz Kimiz"},"content":{"rendered":"<p>[vc_row][vc_column][vc_single_image image=&#8221;27&#8243; img_size=&#8221;full&#8221;][\/vc_column][\/vc_row][vc_row][vc_column][vc_column_text]Bilginin en b\u00fcy\u00fck g\u00fc\u00e7, zaman\u0131n ise en de\u011ferli hazine oldu\u011funu d\u00fc\u015f\u00fcnerek bu yola \u00e7\u0131kt\u0131k. Bu yolda, e\u011fitimin sadece okul s\u00fcresiyle s\u0131n\u0131rl\u0131 olmad\u0131\u011f\u0131na inanan ve ya\u015famboyu \u00f6\u011frenmeye a\u00e7\u0131k olan ki\u015fi ve kurumlarla keyifle ilerliyoruz.<\/p>\n<p>\u00c7\u00fcnk\u00fc g\u00fcncel veriler, gelecekte kendi \u00f6\u011frenme tarz\u0131n\u0131 bilenlerin ve\u00a0bunu uygulayarak belirli yetkinliklere sahip olacaklar\u0131n ayakta kalaca\u011f\u0131n\u0131 g\u00f6steriyor.<\/p>\n<p>\u0130\u015fte<strong> Rhapsody 360<\/strong>, T\u00fcrkiye\u2019de ve Avrupa&#8217;n\u0131n geli\u015fen \u00fclkelerinde y\u00fcz y\u00fcze e\u011fitim ve uzaktan \u00f6\u011frenme (e-\u00f6\u011frenme) y\u00f6ntemleriyle kurum \u00e7al\u0131\u015fanlar\u0131na farkl\u0131 \u00e7\u00f6z\u00fcmler sunuyor. \u00c7al\u0131\u015fanlar\u0131n\u0131z\u0131n yetkinliklerini geli\u015ftirmek ve kurum k\u00fclt\u00fcr\u00fcn\u00fcz\u00fc \u00e7al\u0131\u015fanlar\u0131n\u0131zda peki\u015ftirmek istiyorsan\u0131z biz buraday\u0131z![\/vc_column_text][\/vc_column][\/vc_row][vc_row][vc_column][vc_column_text]<\/p>\n<h1 style=\"color: #ee2939; font-size: 5.53rem !important; line-height: 65px !important;\">Rhapsody 360 \u00c7\u00f6z\u00fcm Ortaklar\u0131<\/h1>\n<p>[\/vc_column_text][\/vc_column][\/vc_row][vc_row][vc_column width=&#8221;1\/2&#8243;][themesflat_imagebox show_readmore=&#8221;&#8221; default_id=&#8221;themesflat_1559517052&#8243; image=&#8221;153&#8243;]<\/p>\n<p style=\"background: white; margin: 0cm 0cm 15.0pt 0cm;\"><strong><span style=\"font-size: 15.0pt; font-family: 'Roboto Condensed'; color: #222222;\">PEARSON<\/span><\/strong><\/p>\n<div class=\"default parbase section text\">\n<p><strong>Pearson<\/strong>, bu\u0308nyesinde, du\u0308nyan\u0131n o\u0308nde gelen eg\u0306itim markalar\u0131n\u0131 bir araya getirerek her tu\u0308r o\u0308g\u0306renme s\u0327ekli ic\u0327in bas\u0327ar\u0131s\u0131 kan\u0131tlanm\u0131s\u0327, bu\u0308tu\u0308nsel eg\u0306itim c\u0327o\u0308zu\u0308mleri sag\u0306layan \u015feffaf bir e\u011fitim \u015firketidir.<\/p>\n<p>\u201cKis\u0327ilerin o\u0308g\u0306renme yoluyla hayatlar\u0131n\u0131 daha verimli hale getirmelerine yard\u0131mc\u0131 olmak\u201d vizyonundan yola c\u0327\u0131karak, eg\u0306itim alan\u0131nda du\u0308nyan\u0131n en bu\u0308yu\u0308k eg\u0306itim c\u0327o\u0308zu\u0308mleri sag\u0306lay\u0131c\u0131s\u0131 olarak faaliyet g\u00f6stermektedir.<\/p>\n<p>D\u00fcnya \u00e7ap\u0131nda 70 farkl\u0131 \u00fclkede, 30.000&#8217;den fazla \u00e7al\u0131\u015fan\u0131 bulunmaktad\u0131r. <strong>Pearson,<\/strong> uluslararas\u0131 mesleki eg\u0306itim programlar\u0131, yetkinlik gelis\u0327tirme ve sertifikasyon, o\u0308g\u0306renme kaynaklar\u0131, I\u0307ngilizce o\u0308g\u0306renimi, e-o\u0308g\u0306renme, o\u0308lc\u0327me-deg\u0306erlendirme ve o\u0308g\u0306retmen\/liderlik gelis\u0327imi bas\u0327ta olmak u\u0308zere eg\u0306itimin her alan\u0131nda c\u0327es\u0327itli u\u0308ru\u0308n ve servisler sunmaktad\u0131r.<\/p>\n<p><strong>Pearson\u00a0Tu\u0308rkiye<\/strong>, 25 y\u0131ll\u0131k tecru\u0308besi, 50\u2019nin u\u0308zerindeki profesyonel c\u0327al\u0131s\u0327an\u0131 ve dijital o\u0308g\u0306renmeyi desteklemek amac\u0131yla kurulmus\u0327 uzman ekibiyle, ilko\u0308g\u0306retim ve liselere, yu\u0308ksek o\u0308g\u0306retim kurumlar\u0131na, is\u0327 du\u0308nyas\u0131na ve her alandaki o\u0308g\u0306renene eg\u0306itim c\u0327o\u0308zu\u0308mleri sag\u0306lamaktad\u0131r.<\/p>\n<p><strong>Pearson\u2019da o\u0308g\u0306renme<\/strong>; ulas\u0327\u0131lmak istenen c\u0327\u0131kt\u0131lar\u0131n belirlenmesi ile bas\u0327lar, kis\u0327iye o\u0308zel uygulamalar, geri bildirimler, o\u0308lc\u0327me-deg\u0306erlendirme sistemleri ve su\u0308rekli gelis\u0327im ile devam eder. Bununla beraber, tu\u0308m su\u0308rec\u0327 boyunca o\u0308g\u0306renenlerin 21.yy.&#8217;da ihtiyac\u0327 duyduklar\u0131 yetkinlikleri gelis\u0327tirmeyi ve istihdam edilebilirliklerini gu\u0308c\u0327lendirmeyi amac\u0327lar. <strong>Eg\u0306itime olan inovatif ve bu\u0308tu\u0308nsel bak\u0131s\u0327 ac\u0327\u0131s\u0131 ile\u00a0Pearson, \u201cGelecek Nesil O\u0308g\u0306renme\u201dye liderlik etmektedir.<\/strong><\/p>\n<\/div>\n<p>[\/themesflat_imagebox][\/vc_column][vc_column width=&#8221;1\/2&#8243;][themesflat_imagebox image_size=&#8221;&#8221; show_readmore=&#8221;&#8221; default_id=&#8221;themesflat_1559518049&#8243; image=&#8221;152&#8243;]<\/p>\n<p style=\"background: white; margin: 0cm 0cm 15.0pt 0cm;\"><strong><span style=\"font-size: 15.0pt; font-family: 'Roboto Condensed'; color: #222222;\">\u0130DEA\u00a0<\/span><\/strong><\/p>\n<p style=\"background: white; margin: 0cm 0cm 15.0pt 0cm;\"><span style=\"font-size: 15.0pt; font-family: 'Roboto Condensed'; color: #656565;\"><strong>\u0130DEA E\u011fitim ve Dan\u0131\u015fmanl\u0131k<\/strong>, 1994 y\u0131l\u0131nda Microsoft Yetkili E\u011fitim Merkezi olarak kurulmu\u015ftur. T\u00fcrkiye\u2019nin ilk E\u011fitim Y\u00f6netim Sistemlerinden birisi olan \u0130deaLMS\u2019i yaz\u0131l\u0131m ve e\u011fitim d\u00fcnyas\u0131na kazand\u0131rm\u0131\u015ft\u0131r. \u0130DEA\u2019n\u0131n temel fark\u0131ndal\u0131\u011f\u0131 d\u00fcnyadaki de\u011fi\u015fim \u00fczerinedir. De\u011fi\u015fimi s\u00fcrekli analiz ederek yeni \u00fcr\u00fcnler geli\u015ftirmek ve de\u011fi\u015fimi y\u00f6nlendirmek en \u00f6nemli motivasyon kaynaklar\u0131ndand\u0131r.<\/span><\/p>\n<p style=\"background: white; margin: 0cm 0cm 15.0pt 0cm;\"><span style=\"font-size: 15.0pt; font-family: 'Roboto Condensed'; color: #656565;\">%100\u2019\u00fc yerli kaynaklar ile \u0130DEA taraf\u0131ndan \u00fcretilmi\u015f olan \u0130deaLMS, T\u00fcrkiye\u2019de ve Balkan \u00dclkelerinde Rhapsody 360\u2019\u0131n sat\u0131\u015f portf\u00f6y\u00fcnde bulunmaktad\u0131r.<\/span><\/p>\n<p>[\/themesflat_imagebox][\/vc_column][\/vc_row]<\/p>\n","protected":false},"excerpt":{"rendered":"<p>[vc_row][vc_column][vc_single_image image=&#8221;27&#8243; img_size=&#8221;full&#8221;][\/vc_column][\/vc_row][vc_row][vc_column][vc_column_text]Bilginin en b\u00fcy\u00fck g\u00fc\u00e7, zaman\u0131n ise en de\u011ferli hazine oldu\u011funu d\u00fc\u015f\u00fcnerek bu yola \u00e7\u0131kt\u0131k. Bu yolda, e\u011fitimin sadece okul s\u00fcresiyle s\u0131n\u0131rl\u0131 olmad\u0131\u011f\u0131na inanan ve ya\u015famboyu \u00f6\u011frenmeye a\u00e7\u0131k olan ki\u015fi ve kurumlarla keyifle ilerliyoruz. \u00c7\u00fcnk\u00fc g\u00fcncel veriler, gelecekte kendi \u00f6\u011frenme tarz\u0131n\u0131 bilenlerin ve\u00a0bunu uygulayarak belirli yetkinliklere sahip olacaklar\u0131n ayakta kalaca\u011f\u0131n\u0131 g\u00f6steriyor. \u0130\u015fte Rhapsody 360, [&hellip;]<\/p>\n","protected":false},"author":1,"featured_media":0,"parent":0,"menu_order":0,"comment_status":"closed","ping_status":"closed","template":"tpl\/page_fullwidth.php","meta":{"footnotes":""},"class_list":["post-24","page","type-page","status-publish","hentry"],"_links":{"self":[{"href":"https:\/\/rhapsody360.com\/tr\/wp-json\/wp\/v2\/pages\/24"}],"collection":[{"href":"https:\/\/rhapsody360.com\/tr\/wp-json\/wp\/v2\/pages"}],"about":[{"href":"https:\/\/rhapsody360.com\/tr\/wp-json\/wp\/v2\/types\/page"}],"author":[{"embeddable":true,"href":"https:\/\/rhapsody360.com\/tr\/wp-json\/wp\/v2\/users\/1"}],"replies":[{"embeddable":true,"href":"https:\/\/rhapsody360.com\/tr\/wp-json\/wp\/v2\/comments?post=24"}],"version-history":[{"count":55,"href":"https:\/\/rhapsody360.com\/tr\/wp-json\/wp\/v2\/pages\/24\/revisions"}],"predecessor-version":[{"id":193,"href":"https:\/\/rhapsody360.com\/tr\/wp-json\/wp\/v2\/pages\/24\/revisions\/193"}],"wp:attachment":[{"href":"https:\/\/rhapsody360.com\/tr\/wp-json\/wp\/v2\/media?parent=24"}],"curies":[{"name":"wp","href":"https:\/\/api.w.org\/{rel}","templated":true}]}}