{"id":33,"date":"2018-08-20T19:07:56","date_gmt":"2018-08-20T16:07:56","guid":{"rendered":"https:\/\/rhapsody360.com\/tr\/?page_id=33"},"modified":"2019-02-05T09:42:28","modified_gmt":"2019-02-05T06:42:28","slug":"ne-yapiyoruz","status":"publish","type":"page","link":"https:\/\/rhapsody360.com\/tr\/ne-yapiyoruz\/","title":{"rendered":"Ne yap\u0131yoruz"},"content":{"rendered":"<p>[vc_row][vc_column][vc_single_image image=&#8221;35&#8243; img_size=&#8221;full&#8221;][\/vc_column][\/vc_row][vc_row][vc_column][vc_column_text]Rhapsody 360, kurumlar\u0131n profesyonel, mesleki ve ki\u015fisel geli\u015fim ihtiya\u00e7lar\u0131na y\u00f6nelik y\u00fcz y\u00fcze ve uzaktan e\u011fitim \u00e7\u00f6z\u00fcmleri sunar.<\/p>\n<p>Rhapsody 360, e\u011fitim sekt\u00f6r\u00fcn\u00fcn \u00f6nemli oyuncular\u0131 ile ger\u00e7ekle\u015ftirdi\u011fi i\u015f ortakl\u0131klar\u0131yla en do\u011fru \u00e7\u00f6z\u00fcmleri, kurumlara ve bireylere sunar.<\/p>\n<p>Rhapsody 360, katalo\u011funda bulunan e\u011fitimlerin yan\u0131 s\u0131ra, kurumlara \u00f6zel e\u011fitim i\u00e7erikleri geli\u015ftirir.<\/p>\n<p>T\u00fcm e\u011fitimlerin, kullan\u0131lan platformlarla uyumlu hale getirir ve \u00e7al\u0131\u015fanlar\u0131n\u0131za sunulmas\u0131n\u0131 sa\u011flar.<\/p>\n<p>Rhapsody 360 sundu\u011fu \u00e7\u00f6z\u00fcmlerle, \u00e7al\u0131\u015fan ve kurum performans\u0131n\u0131 do\u011frudan geli\u015ftirir, i\u015f \u00e7\u0131kt\u0131lar\u0131na olumlu etkiler yarat\u0131r.<\/p>\n<p>Rhapsody 360, T\u00fcrkiye ve Avusturya ba\u015fta olmak \u00fczere t\u00fcm Avrupa&#8217;daki m\u00fc\u015fterilerinde e-\u00f6\u011frenme \u00e7\u00f6z\u00fcmlerini konumland\u0131rmak \u00fczere \u00e7al\u0131\u015f\u0131r.[\/vc_column_text][\/vc_column][\/vc_row]<\/p>\n","protected":false},"excerpt":{"rendered":"<p>[vc_row][vc_column][vc_single_image image=&#8221;35&#8243; img_size=&#8221;full&#8221;][\/vc_column][\/vc_row][vc_row][vc_column][vc_column_text]Rhapsody 360, kurumlar\u0131n profesyonel, mesleki ve ki\u015fisel geli\u015fim ihtiya\u00e7lar\u0131na y\u00f6nelik y\u00fcz y\u00fcze ve uzaktan e\u011fitim \u00e7\u00f6z\u00fcmleri sunar. Rhapsody 360, e\u011fitim sekt\u00f6r\u00fcn\u00fcn \u00f6nemli oyuncular\u0131 ile ger\u00e7ekle\u015ftirdi\u011fi i\u015f ortakl\u0131klar\u0131yla en do\u011fru \u00e7\u00f6z\u00fcmleri, kurumlara ve bireylere sunar. Rhapsody 360, katalo\u011funda bulunan e\u011fitimlerin yan\u0131 s\u0131ra, kurumlara \u00f6zel e\u011fitim i\u00e7erikleri geli\u015ftirir. T\u00fcm e\u011fitimlerin, kullan\u0131lan platformlarla uyumlu hale getirir [&hellip;]<\/p>\n","protected":false},"author":1,"featured_media":0,"parent":0,"menu_order":0,"comment_status":"closed","ping_status":"closed","template":"tpl\/page_fullwidth.php","meta":{"footnotes":""},"class_list":["post-33","page","type-page","status-publish","hentry"],"_links":{"self":[{"href":"https:\/\/rhapsody360.com\/tr\/wp-json\/wp\/v2\/pages\/33"}],"collection":[{"href":"https:\/\/rhapsody360.com\/tr\/wp-json\/wp\/v2\/pages"}],"about":[{"href":"https:\/\/rhapsody360.com\/tr\/wp-json\/wp\/v2\/types\/page"}],"author":[{"embeddable":true,"href":"https:\/\/rhapsody360.com\/tr\/wp-json\/wp\/v2\/users\/1"}],"replies":[{"embeddable":true,"href":"https:\/\/rhapsody360.com\/tr\/wp-json\/wp\/v2\/comments?post=33"}],"version-history":[{"count":5,"href":"https:\/\/rhapsody360.com\/tr\/wp-json\/wp\/v2\/pages\/33\/revisions"}],"predecessor-version":[{"id":137,"href":"https:\/\/rhapsody360.com\/tr\/wp-json\/wp\/v2\/pages\/33\/revisions\/137"}],"wp:attachment":[{"href":"https:\/\/rhapsody360.com\/tr\/wp-json\/wp\/v2\/media?parent=33"}],"curies":[{"name":"wp","href":"https:\/\/api.w.org\/{rel}","templated":true}]}}