{"id":37,"date":"2018-08-20T19:13:55","date_gmt":"2018-08-20T16:13:55","guid":{"rendered":"https:\/\/rhapsody360.com\/tr\/?page_id=37"},"modified":"2019-06-03T14:53:59","modified_gmt":"2019-06-03T11:53:59","slug":"neden-rhapsody-360","status":"publish","type":"page","link":"https:\/\/rhapsody360.com\/tr\/neden-rhapsody-360\/","title":{"rendered":"Neden Rhapsody 360"},"content":{"rendered":"<p>[vc_row][vc_column][vc_single_image image=&#8221;184&#8243; img_size=&#8221;full&#8221;][\/vc_column][\/vc_row][vc_row][vc_column width=&#8221;1\/2&#8243;][vc_column_text]<\/p>\n<h2 style=\"color: #ee2939;\">H\u0131zl\u0131 ve Ak\u0131lda Kal\u0131c\u0131 \u0130\u00e7erik Geli\u015ftirme<\/h2>\n<p>K\u0131sa s\u00fcrede g\u00f6rselli\u011fi kuvvetli, e\u011flenceli ve ak\u0131lda kal\u0131c\u0131 i\u00e7erikler ile \u00e7al\u0131\u015fanlar\u0131n\u0131z ve m\u00fc\u015fterilerinize farkl\u0131 deneyimler ya\u015fatabilir, bilgilendirmeleri en etkin \u015fekilde yapabilirsiniz.[\/vc_column_text][\/vc_column][vc_column width=&#8221;1\/2&#8243;][vc_column_text]<\/p>\n<h2 style=\"color: #ee2939;\">\u00d6zel \u0130\u00e7erikler<\/h2>\n<p>E-\u00f6\u011frenmeye d\u00f6n\u00fc\u015ft\u00fcr\u00fclmesini istedi\u011finiz mevcut bir e\u011fitim i\u00e7eri\u011finizi ya da mevcut bir i\u00e7erik olmaks\u0131z\u0131n, sadece fikirlerinizi bile kurumunuza \u00f6zel e-\u00f6\u011frenme \u015fekline d\u00f6n\u00fc\u015ft\u00fcrebiliyoruz.[\/vc_column_text][\/vc_column][\/vc_row][vc_row][vc_column width=&#8221;1\/2&#8243;][vc_column_text]<\/p>\n<h2 style=\"color: #ee2939;\">Kurumlara \u00d6zel Yakla\u015f\u0131m<\/h2>\n<p>Katalog e\u011fitimi i\u00e7eriklerini, kurum talepleri do\u011frultusunda revize edebilir, tercihe g\u00f6re \u015firketiniz logolar\u0131n\u0131 kullanarak, e\u011fitimi kurumunuza \u00f6zel hale getirilebiliriz. Bu y\u00f6n\u00fc ile sekt\u00f6rde katalog e\u011fitimini standart i\u00e7erik olarak veren bir\u00e7ok kuruma g\u00f6re kurumlara avantaj yaratan \u00f6zel \u00e7\u00f6z\u00fcmler sunuyoruz.[\/vc_column_text][\/vc_column][vc_column width=&#8221;1\/2&#8243;][vc_column_text]<\/p>\n<h2 style=\"color: #ee2939;\">Deneyimli ve Yarat\u0131c\u0131 Ekip<\/h2>\n<p>E-\u00f6\u011frenme alan\u0131nda i\u00e7erik tasar\u0131m\u0131, g\u00f6rsel tasar\u0131m, zengin internet uygulamalar\u0131, animasyon, oyun ve sim\u00fclasyon uygulamalar\u0131 geli\u015ftirme konusunda uzun y\u0131llar\u0131n deneyimi ile sizler i\u00e7in en yarat\u0131c\u0131 \u00e7\u00f6z\u00fcmleri haz\u0131rl\u0131yoruz. \u00c7al\u0131\u015fanlar\u0131m\u0131zla s\u00fcper bir tak\u0131m\u0131z, dan\u0131\u015fan kurum temsilcilerini de proje i\u00e7erisine dahil ederek, olumlu, mutlu, g\u00fcler y\u00fczl\u00fc ve sonu\u00e7 odakl\u0131 yakla\u015f\u0131m\u0131m\u0131zla fark yarat\u0131yoruz. \u0130\u015finizi sahiplenir, sorunlar\u0131n\u0131z\u0131 an\u0131nda \u00e7\u00f6zmek amac\u0131yla t\u00fcm ekibimizle kal\u0131c\u0131 \u00e7\u00f6z\u00fcmler yaratabilmek i\u00e7in yarat\u0131c\u0131, disiplinli ve adanm\u0131\u015f bir \u015fekilde size hizmet vermeye \u00e7al\u0131\u015f\u0131r\u0131z.[\/vc_column_text][\/vc_column][\/vc_row][vc_row][vc_column width=&#8221;1\/2&#8243;][vc_column_text]<\/p>\n<h2 style=\"color: #ee2939;\">Uzaktan E\u011fitim Platformlar\u0131yla (LMS) Uyumlu<\/h2>\n<p>Geli\u015ftirdi\u011fimiz t\u00fcm i\u00e7erikler e-\u00f6\u011frenme platformlar\u0131nda s\u0131kl\u0131kla kullan\u0131lan SCORM 1.2, SCORM 2004 ve AICC uyumludur. Ayr\u0131ca hizmet verdi\u011fimiz\/verece\u011fimiz kurumun e-\u00f6\u011frenme altyap\u0131s\u0131 olmamas\u0131 durumunda alt yap\u0131 hizmeti sa\u011flayabilir ya da web sitesi, kurumsal portal vb. alanlar \u00fczerinden de i\u00e7erikleri kurum \u00e7al\u0131\u015fanlar\u0131 ile bulu\u015fturabiliriz.[\/vc_column_text][\/vc_column][vc_column width=&#8221;1\/2&#8243;][vc_column_text]<\/p>\n<h2 style=\"color: #ee2939;\">T\u00fcm Mobil Platformlarla Uyumlu<\/h2>\n<p>Sizin i\u00e7in geli\u015ftirece\u011fimiz i\u00e7erikler hem internet \u00fczerinden, hem masa\u00fcst\u00fcn\u00fczde, ister tablet, ister ak\u0131ll\u0131 telefonlar\u0131n\u0131zda \u00e7al\u0131\u015fmaktad\u0131r. \u0130stedi\u011finiz an istedi\u011finiz yerde i\u00e7eriklere ula\u015fabilir, dondurabilir ve kald\u0131\u011f\u0131n\u0131z yerden devam edebilirsiniz. B\u00f6ylece ofise ba\u011fl\u0131 kalmaz, internet ba\u011flant\u0131n\u0131z olan her noktada i\u00e7erikleri izleyebilirsiniz.[\/vc_column_text][\/vc_column][\/vc_row][vc_row][vc_column width=&#8221;1\/2&#8243;][vc_column_text]<\/p>\n<h2 style=\"color: #ee2939;\">Kurumsal Gizlilik<\/h2>\n<p>Bilgileriniz bizimle g\u00fcvendedir, kimseyle payla\u015f\u0131lmaz. G\u00fcvenlik politikalar\u0131m\u0131z ve s\u00f6zle\u015fmelerimiz s\u00fcrekli g\u00fcncel tutulur ve \u015feffaft\u0131r. Yapt\u0131\u011f\u0131m\u0131z hi\u00e7bir proje, proje sahibi firman\u0131n izni olmadan 3. \u015eah\u0131s ya da kurumlarla asla payla\u015f\u0131lmaz.[\/vc_column_text][\/vc_column][vc_column width=&#8221;1\/2&#8243;][vc_column_text]<\/p>\n<h2 style=\"color: #ee2939;\">S\u00fcrekli Geli\u015fim ve Yenilenme<\/h2>\n<p>M\u00fc\u015fterilerimizin taleplerini, bizi ve sundu\u011fumuz hizmetleri geli\u015ftiren ve yenileyen unsurlar olarak g\u00f6r\u00fcyoruz. M\u00fc\u015fterilerimizin isteklerini geli\u015ftirdi\u011fimiz yaz\u0131l\u0131mlar ya da tasarlad\u0131\u011f\u0131m\u0131z e-e\u011fitimler \u00fczerinde uygulamaya \u00e7al\u0131\u015f\u0131r, ortaya \u00e7\u0131kan yepyeni teknolojileri t\u00fcm m\u00fc\u015fterilerimizle payla\u015f\u0131r\u0131z.[\/vc_column_text][\/vc_column][\/vc_row]<\/p>\n","protected":false},"excerpt":{"rendered":"<p>[vc_row][vc_column][vc_single_image image=&#8221;184&#8243; img_size=&#8221;full&#8221;][\/vc_column][\/vc_row][vc_row][vc_column width=&#8221;1\/2&#8243;][vc_column_text] H\u0131zl\u0131 ve Ak\u0131lda Kal\u0131c\u0131 \u0130\u00e7erik Geli\u015ftirme K\u0131sa s\u00fcrede g\u00f6rselli\u011fi kuvvetli, e\u011flenceli ve ak\u0131lda kal\u0131c\u0131 i\u00e7erikler ile \u00e7al\u0131\u015fanlar\u0131n\u0131z ve m\u00fc\u015fterilerinize farkl\u0131 deneyimler ya\u015fatabilir, bilgilendirmeleri en etkin \u015fekilde yapabilirsiniz.[\/vc_column_text][\/vc_column][vc_column width=&#8221;1\/2&#8243;][vc_column_text] \u00d6zel \u0130\u00e7erikler E-\u00f6\u011frenmeye d\u00f6n\u00fc\u015ft\u00fcr\u00fclmesini istedi\u011finiz mevcut bir e\u011fitim i\u00e7eri\u011finizi ya da mevcut bir i\u00e7erik olmaks\u0131z\u0131n, sadece fikirlerinizi bile kurumunuza \u00f6zel e-\u00f6\u011frenme \u015fekline d\u00f6n\u00fc\u015ft\u00fcrebiliyoruz.[\/vc_column_text][\/vc_column][\/vc_row][vc_row][vc_column [&hellip;]<\/p>\n","protected":false},"author":1,"featured_media":0,"parent":0,"menu_order":0,"comment_status":"closed","ping_status":"closed","template":"tpl\/page_fullwidth.php","meta":{"footnotes":""},"class_list":["post-37","page","type-page","status-publish","hentry"],"_links":{"self":[{"href":"https:\/\/rhapsody360.com\/tr\/wp-json\/wp\/v2\/pages\/37"}],"collection":[{"href":"https:\/\/rhapsody360.com\/tr\/wp-json\/wp\/v2\/pages"}],"about":[{"href":"https:\/\/rhapsody360.com\/tr\/wp-json\/wp\/v2\/types\/page"}],"author":[{"embeddable":true,"href":"https:\/\/rhapsody360.com\/tr\/wp-json\/wp\/v2\/users\/1"}],"replies":[{"embeddable":true,"href":"https:\/\/rhapsody360.com\/tr\/wp-json\/wp\/v2\/comments?post=37"}],"version-history":[{"count":4,"href":"https:\/\/rhapsody360.com\/tr\/wp-json\/wp\/v2\/pages\/37\/revisions"}],"predecessor-version":[{"id":185,"href":"https:\/\/rhapsody360.com\/tr\/wp-json\/wp\/v2\/pages\/37\/revisions\/185"}],"wp:attachment":[{"href":"https:\/\/rhapsody360.com\/tr\/wp-json\/wp\/v2\/media?parent=37"}],"curies":[{"name":"wp","href":"https:\/\/api.w.org\/{rel}","templated":true}]}}