{"id":44,"date":"2018-08-20T19:24:16","date_gmt":"2018-08-20T16:24:16","guid":{"rendered":"https:\/\/rhapsody360.com\/tr\/?page_id=44"},"modified":"2020-05-04T01:13:41","modified_gmt":"2020-05-03T22:13:41","slug":"egitim-katalogumuz","status":"publish","type":"page","link":"https:\/\/rhapsody360.com\/tr\/icerik\/egitim-katalogumuz\/","title":{"rendered":"E\u011fitim Katalo\u011fumuz"},"content":{"rendered":"<p>[vc_row][vc_column css_animation=&#8221;fadeInLeftBig&#8221; width=&#8221;1\/2&#8243;][vc_column_text]<\/p>\n<h2 class=\"rhapsody-red\">Ki\u015fisel Verilerin Korunmas\u0131 Kanunu E\u011fitimi<\/h2>\n<p><strong>KVKK ve Uygulamalar\u0131 E\u011fitimi<\/strong>,\u00a0Korona vir\u00fcs, salg\u0131n hastal\u0131klar ve uzaktan \u00e7al\u0131\u015fma gibi g\u00fcncel konularla zenginle\u015ftirilmi\u015ftir. E\u011fitim, 12 b\u00f6l\u00fcm alt\u0131nda ve 25 dakikada toparlanm\u0131\u015ft\u0131r.<\/p>\n<p><strong>E\u011fitimin \u00d6ne \u00c7\u0131kan \u00d6zellikleri<\/strong>;<\/p>\n<ul>\n<li>Mevzuat e\u011fitimi olmas\u0131na ra\u011fmen, tecr\u00fcbeli hukuk\u00e7ular taraf\u0131ndan sade ve anla\u015f\u0131l\u0131r bir dille haz\u0131rlanm\u0131\u015ft\u0131r.<\/li>\n<li>Korona vir\u00fcs ve di\u011fer salg\u0131n hastal\u0131klar e\u011fitim kapsam\u0131 i\u00e7indedir.<\/li>\n<li>Uzaktan \u00e7al\u0131\u015fmada dikkat edilecek kurallar e\u011fitimde vurgulanm\u0131\u015ft\u0131r.<\/li>\n<li>E\u011fitim, 2019 ve 2020&#8217;deki sekt\u00f6rel ihlal kararlar\u0131yla zenginle\u015ftirilmi\u015ftir.<\/li>\n<li>Veri ihlallerinde uygulanan g\u00fcncel ceza miktarlar\u0131na dikkat \u00e7ekilmi\u015ftir.<\/li>\n<li>E\u011fitimi ile birlikte ayr\u0131ca bir soru seti de sunulmaktad\u0131r.<\/li>\n<li>KVKK E\u011fitimi, \u201c<em>Hibrit E\u011fitim\u201d<\/em> modeliyle kuruma \u00f6zel hale getirilebilir.<\/li>\n<\/ul>\n<p>[\/vc_column_text][\/vc_column][vc_column css_animation=&#8221;fadeInRightBig&#8221; width=&#8221;1\/2&#8243;][vc_single_image image=&#8221;46&#8243; img_size=&#8221;full&#8221; css=&#8221;.vc_custom_1534782300174{margin-top: 28px !important;}&#8221; el_class=&#8221;img-clip-left&#8221;][\/vc_column][\/vc_row][vc_row][vc_column css_animation=&#8221;fadeIn&#8221;][vc_separator border_width=&#8221;10&#8243;][\/vc_column][\/vc_row][vc_row][vc_column css_animation=&#8221;fadeInLeftBig&#8221; width=&#8221;1\/2&#8243;][vc_single_image image=&#8221;47&#8243; img_size=&#8221;full&#8221; el_class=&#8221;img-clip-right&#8221; css=&#8221;.vc_custom_1534782328879{margin-top: 28px !important;}&#8221;][\/vc_column][vc_column css_animation=&#8221;fadeInRightBig&#8221; width=&#8221;1\/2&#8243;][vc_column_text]<\/p>\n<h2 class=\"rhapsody-red\">Uzaktan \u00c7al\u0131\u015fma E\u011fitimi<\/h2>\n<p class=\"rhapsody-red\"><strong>Uzaktan \u00c7al\u0131\u015fma E\u011fitimi,\u00a0<\/strong>son d\u00f6nemlerde \u015firketlerin uygulad\u0131\u011f\u0131 uzaktan \u00e7al\u0131\u015fma y\u00f6ntemini \u00e7ok daha verimli hale getiriyor. Uzaktan \u00e7al\u0131\u015fan\u0131n performans\u0131 nas\u0131l artar, ileti\u015fim nas\u0131l kurulmal\u0131, planlama ve etkin i\u015fbirli\u011finin kurallar\u0131 nelerdir gibi sorulara cevap buluyor.<\/p>\n<p>[\/vc_column_text][\/vc_column][\/vc_row][vc_row][vc_column css_animation=&#8221;fadeIn&#8221;][vc_separator border_width=&#8221;10&#8243;][\/vc_column][\/vc_row][vc_row][vc_column css_animation=&#8221;fadeInLeftBig&#8221; width=&#8221;1\/2&#8243;][vc_column_text]<\/p>\n<h2 class=\"rhapsody-red\">Sahte \u00c7ek ve \u00c7ek Kanunu Hakk\u0131nda Genel Bilgiler<\/h2>\n<p>Ticaret hayat\u0131n\u0131n \u00f6nemli finansal akt\u00f6rlerinden olan \u00e7ek kavram\u0131 temel olarak ele al\u0131n\u0131rken, kar\u015f\u0131l\u0131ks\u0131z ve sahte \u00e7ek tespit ve \u00f6nleme y\u00f6ntemleri e\u011fitimde ele al\u0131nm\u0131\u015ft\u0131r. E\u011fitimin amac\u0131; i\u015fletmeler i\u00e7in b\u00fcy\u00fck risk arz edebilecek bu finansal enstr\u00fcman\u0131 yak\u0131ndan tan\u0131yabilmek ve \u00f6nlemler hakk\u0131nda \u00e7al\u0131\u015fanlar\u0131m\u0131z\u0131 bilgilendirmektir.[\/vc_column_text][\/vc_column][vc_column css_animation=&#8221;fadeInRightBig&#8221; width=&#8221;1\/2&#8243;][vc_single_image image=&#8221;49&#8243; img_size=&#8221;full&#8221; css=&#8221;.vc_custom_1534782355502{margin-top: 28px !important;}&#8221; el_class=&#8221;img-clip-left&#8221;][\/vc_column][\/vc_row]<\/p>\n","protected":false},"excerpt":{"rendered":"<p>[vc_row][vc_column css_animation=&#8221;fadeInLeftBig&#8221; width=&#8221;1\/2&#8243;][vc_column_text] Ki\u015fisel Verilerin Korunmas\u0131 Kanunu E\u011fitimi KVKK ve Uygulamalar\u0131 E\u011fitimi,\u00a0Korona vir\u00fcs, salg\u0131n hastal\u0131klar ve uzaktan \u00e7al\u0131\u015fma gibi g\u00fcncel konularla zenginle\u015ftirilmi\u015ftir. E\u011fitim, 12 b\u00f6l\u00fcm alt\u0131nda ve 25 dakikada toparlanm\u0131\u015ft\u0131r. E\u011fitimin \u00d6ne \u00c7\u0131kan \u00d6zellikleri; Mevzuat e\u011fitimi olmas\u0131na ra\u011fmen, tecr\u00fcbeli hukuk\u00e7ular taraf\u0131ndan sade ve anla\u015f\u0131l\u0131r bir dille haz\u0131rlanm\u0131\u015ft\u0131r. Korona vir\u00fcs ve di\u011fer salg\u0131n hastal\u0131klar e\u011fitim kapsam\u0131 [&hellip;]<\/p>\n","protected":false},"author":1,"featured_media":0,"parent":42,"menu_order":0,"comment_status":"closed","ping_status":"closed","template":"tpl\/page_fullwidth.php","meta":{"footnotes":""},"class_list":["post-44","page","type-page","status-publish","hentry"],"_links":{"self":[{"href":"https:\/\/rhapsody360.com\/tr\/wp-json\/wp\/v2\/pages\/44"}],"collection":[{"href":"https:\/\/rhapsody360.com\/tr\/wp-json\/wp\/v2\/pages"}],"about":[{"href":"https:\/\/rhapsody360.com\/tr\/wp-json\/wp\/v2\/types\/page"}],"author":[{"embeddable":true,"href":"https:\/\/rhapsody360.com\/tr\/wp-json\/wp\/v2\/users\/1"}],"replies":[{"embeddable":true,"href":"https:\/\/rhapsody360.com\/tr\/wp-json\/wp\/v2\/comments?post=44"}],"version-history":[{"count":6,"href":"https:\/\/rhapsody360.com\/tr\/wp-json\/wp\/v2\/pages\/44\/revisions"}],"predecessor-version":[{"id":196,"href":"https:\/\/rhapsody360.com\/tr\/wp-json\/wp\/v2\/pages\/44\/revisions\/196"}],"up":[{"embeddable":true,"href":"https:\/\/rhapsody360.com\/tr\/wp-json\/wp\/v2\/pages\/42"}],"wp:attachment":[{"href":"https:\/\/rhapsody360.com\/tr\/wp-json\/wp\/v2\/media?parent=44"}],"curies":[{"name":"wp","href":"https:\/\/api.w.org\/{rel}","templated":true}]}}